{"id":8387,"date":"2023-09-05T09:55:29","date_gmt":"2023-09-05T13:55:29","guid":{"rendered":"https:\/\/www.serafino.ca\/?post_type=product&#038;p=8387"},"modified":"2023-09-05T12:06:38","modified_gmt":"2023-09-05T16:06:38","slug":"gala-jonc-eternite-serti-de-diamants","status":"publish","type":"product","link":"https:\/\/www.serafino.ca\/fr\/produit\/gala-jonc-eternite-serti-de-diamants\/","title":{"rendered":"Gala, jonc \u00e9ternit\u00e9 serti de diamants"},"content":{"rendered":"","protected":false},"excerpt":{"rendered":"<p>Cette bague \u00e9ternit\u00e9 classique est sertie de diamants de taille 2.5mm (0.05 cts) coup\u00e9s rond brillant. La bague est trait\u00e9e au rhodium pour rehausser le lustre. La bague Gala est id\u00e9ale comme bague de mariage, mais elle peut \u00eatre port\u00e9e par toute personne, en tout temps et en tout lieu.<\/p>\n<p>La bague \u00e9ternit\u00e9 Gala fait partie de notre collection Muse. D&rsquo;une simplicit\u00e9 classique \u00e0 la fois sobre et \u00e9l\u00e9gante, cette collection est une v\u00e9ritable d\u00e9claration d&rsquo;amour envers la femme et la nature, sources de force et d&rsquo;inspiration.<\/p>\n<p>Si vous ne trouvez pas votre taille de doigt parmis nos choix, veuillez nous<a href=\"https:\/\/www.serafino.ca\/fr\/contact\/\"> contacter<\/a><\/p>\n","protected":false},"featured_media":7913,"template":"","meta":{"_acf_changed":false,"_et_pb_use_builder":"","_et_pb_old_content":"","_et_gb_content_width":""},"product_brand":[],"product_cat":[472,385,30,367],"product_tag":[],"class_list":{"0":"post-8387","1":"product","2":"type-product","3":"status-publish","4":"has-post-thumbnail","6":"product_cat-muse-fr","7":"product_cat-luxe","8":"product_cat-bagues","9":"product_cat-mariages","11":"first","12":"instock","13":"taxable","14":"shipping-taxable","15":"purchasable","16":"product-type-variable"},"acf":[],"_links":{"self":[{"href":"https:\/\/www.serafino.ca\/fr\/wp-json\/wp\/v2\/product\/8387","targetHints":{"allow":["GET"]}}],"collection":[{"href":"https:\/\/www.serafino.ca\/fr\/wp-json\/wp\/v2\/product"}],"about":[{"href":"https:\/\/www.serafino.ca\/fr\/wp-json\/wp\/v2\/types\/product"}],"wp:featuredmedia":[{"embeddable":true,"href":"https:\/\/www.serafino.ca\/fr\/wp-json\/wp\/v2\/media\/7913"}],"wp:attachment":[{"href":"https:\/\/www.serafino.ca\/fr\/wp-json\/wp\/v2\/media?parent=8387"}],"wp:term":[{"taxonomy":"product_brand","embeddable":true,"href":"https:\/\/www.serafino.ca\/fr\/wp-json\/wp\/v2\/product_brand?post=8387"},{"taxonomy":"product_cat","embeddable":true,"href":"https:\/\/www.serafino.ca\/fr\/wp-json\/wp\/v2\/product_cat?post=8387"},{"taxonomy":"product_tag","embeddable":true,"href":"https:\/\/www.serafino.ca\/fr\/wp-json\/wp\/v2\/product_tag?post=8387"}],"curies":[{"name":"wp","href":"https:\/\/api.w.org\/{rel}","templated":true}]}}