{"id":7817,"date":"2023-09-05T08:33:09","date_gmt":"2023-09-05T12:33:09","guid":{"rendered":"https:\/\/www.serafino.ca\/?post_type=product&#038;p=7817"},"modified":"2023-09-05T13:51:32","modified_gmt":"2023-09-05T17:51:32","slug":"insigne-de-boutonniere-volta-sertie-de-malachite-2","status":"publish","type":"product","link":"https:\/\/www.serafino.ca\/fr\/produit\/insigne-de-boutonniere-volta-sertie-de-malachite-2\/","title":{"rendered":"Insigne de boutonni\u00e8re Volta sertie de malachite"},"content":{"rendered":"","protected":false},"excerpt":{"rendered":"<p>L\u2019 Insigne de boutonni\u00e8re Volta est fabriqu\u00e9e en argent sterling et sertie de malachite taill\u00e9 sur mesure. L\u2019\u00e9pingle, qui est attach\u00e9e \u00e0 l\u2019endos du bouton, est ferm\u00e9 avec un capuchon d\u00e9coratif. <\/p>\n","protected":false},"featured_media":7719,"template":"","meta":{"_acf_changed":false,"_et_pb_use_builder":"","_et_pb_old_content":"","_et_gb_content_width":""},"product_brand":[],"product_cat":[473,384,367,408],"product_tag":[],"class_list":{"0":"post-7817","1":"product","2":"type-product","3":"status-publish","4":"has-post-thumbnail","6":"product_cat-volta-fr","7":"product_cat-audacieux","8":"product_cat-mariages","9":"product_cat-divers","11":"first","12":"instock","13":"taxable","14":"shipping-taxable","15":"purchasable","16":"product-type-simple"},"acf":[],"_links":{"self":[{"href":"https:\/\/www.serafino.ca\/fr\/wp-json\/wp\/v2\/product\/7817","targetHints":{"allow":["GET"]}}],"collection":[{"href":"https:\/\/www.serafino.ca\/fr\/wp-json\/wp\/v2\/product"}],"about":[{"href":"https:\/\/www.serafino.ca\/fr\/wp-json\/wp\/v2\/types\/product"}],"wp:featuredmedia":[{"embeddable":true,"href":"https:\/\/www.serafino.ca\/fr\/wp-json\/wp\/v2\/media\/7719"}],"wp:attachment":[{"href":"https:\/\/www.serafino.ca\/fr\/wp-json\/wp\/v2\/media?parent=7817"}],"wp:term":[{"taxonomy":"product_brand","embeddable":true,"href":"https:\/\/www.serafino.ca\/fr\/wp-json\/wp\/v2\/product_brand?post=7817"},{"taxonomy":"product_cat","embeddable":true,"href":"https:\/\/www.serafino.ca\/fr\/wp-json\/wp\/v2\/product_cat?post=7817"},{"taxonomy":"product_tag","embeddable":true,"href":"https:\/\/www.serafino.ca\/fr\/wp-json\/wp\/v2\/product_tag?post=7817"}],"curies":[{"name":"wp","href":"https:\/\/api.w.org\/{rel}","templated":true}]}}