{"id":7813,"date":"2023-09-05T09:12:07","date_gmt":"2023-09-05T13:12:07","guid":{"rendered":"https:\/\/www.serafino.ca\/?post_type=product&#038;p=7813"},"modified":"2023-09-05T09:17:43","modified_gmt":"2023-09-05T13:17:43","slug":"collier-eterna-avec-trois-trios-de-diamants","status":"publish","type":"product","link":"https:\/\/www.serafino.ca\/fr\/produit\/collier-eterna-avec-trois-trios-de-diamants\/","title":{"rendered":"Collier Eterna avec trois trios de diamants"},"content":{"rendered":"","protected":false},"excerpt":{"rendered":"<p>Nous fabriquons les boutons d\u2019oreilles Eterna en or blanc 14K ou 18K. La paire est sertie de 0.24 cts de diamants. Ces classiques polyvalents sont id\u00e9aux pour les mariages ; le v\u00f4tre ou celui d&rsquo;un \u00eatre cher. Vous pouvez porter vos boutons d\u2019oreilles Eterna avec une tenue formelle ou avec votre jean pr\u00e9f\u00e9r\u00e9 pour une occasion d\u00e9contract\u00e9e.<\/p>\n","protected":false},"featured_media":7789,"template":"","meta":{"_acf_changed":false,"_et_pb_use_builder":"","_et_pb_old_content":"","_et_gb_content_width":""},"product_brand":[],"product_cat":[470,386,366,367],"product_tag":[],"class_list":{"0":"post-7813","1":"product","2":"type-product","3":"status-publish","4":"has-post-thumbnail","6":"product_cat-eterna-fr","7":"product_cat-intemporel","8":"product_cat-colliers-et-pendentifs","9":"product_cat-mariages","11":"first","12":"instock","13":"taxable","14":"shipping-taxable","15":"purchasable","16":"product-type-variable"},"acf":[],"_links":{"self":[{"href":"https:\/\/www.serafino.ca\/fr\/wp-json\/wp\/v2\/product\/7813","targetHints":{"allow":["GET"]}}],"collection":[{"href":"https:\/\/www.serafino.ca\/fr\/wp-json\/wp\/v2\/product"}],"about":[{"href":"https:\/\/www.serafino.ca\/fr\/wp-json\/wp\/v2\/types\/product"}],"wp:featuredmedia":[{"embeddable":true,"href":"https:\/\/www.serafino.ca\/fr\/wp-json\/wp\/v2\/media\/7789"}],"wp:attachment":[{"href":"https:\/\/www.serafino.ca\/fr\/wp-json\/wp\/v2\/media?parent=7813"}],"wp:term":[{"taxonomy":"product_brand","embeddable":true,"href":"https:\/\/www.serafino.ca\/fr\/wp-json\/wp\/v2\/product_brand?post=7813"},{"taxonomy":"product_cat","embeddable":true,"href":"https:\/\/www.serafino.ca\/fr\/wp-json\/wp\/v2\/product_cat?post=7813"},{"taxonomy":"product_tag","embeddable":true,"href":"https:\/\/www.serafino.ca\/fr\/wp-json\/wp\/v2\/product_tag?post=7813"}],"curies":[{"name":"wp","href":"https:\/\/api.w.org\/{rel}","templated":true}]}}