{"id":7708,"date":"2023-09-05T08:28:39","date_gmt":"2023-09-05T12:28:39","guid":{"rendered":"https:\/\/www.serafino.ca\/?post_type=product&#038;p=7708"},"modified":"2023-09-05T13:53:12","modified_gmt":"2023-09-05T17:53:12","slug":"boutons-de-manchettes-volta-sertis-de-malachite","status":"publish","type":"product","link":"https:\/\/www.serafino.ca\/fr\/produit\/boutons-de-manchettes-volta-sertis-de-malachite\/","title":{"rendered":"Boutons de manchettes Volta sertis de Malachite"},"content":{"rendered":"","protected":false},"excerpt":{"rendered":"<p>Les boutons de manchettes Volta sont faits en argent sterling et sertis de malachite taill\u00e9 sur mesure. Les syst\u00e8mes queue de poisson incluent une tige \u00e9paisse rotative (queue de poisson) que vous tournez afin qu&rsquo;elle soit parall\u00e8le \u00e0 la tige qui est attach\u00e9e au bouton.  Une fois plac\u00e9e, vous tournez \u00e0 nouveau la queue de poisson dans sa position initiale (perpendiculaire \u00e0 la tige).<\/p>\n","protected":false},"featured_media":7691,"template":"","meta":{"_acf_changed":false,"_et_pb_use_builder":"","_et_pb_old_content":"","_et_gb_content_width":""},"product_brand":[],"product_cat":[473,384,367,408],"product_tag":[],"class_list":{"0":"post-7708","1":"product","2":"type-product","3":"status-publish","4":"has-post-thumbnail","6":"product_cat-volta-fr","7":"product_cat-audacieux","8":"product_cat-mariages","9":"product_cat-divers","11":"first","12":"instock","13":"taxable","14":"shipping-taxable","15":"purchasable","16":"product-type-simple"},"acf":[],"_links":{"self":[{"href":"https:\/\/www.serafino.ca\/fr\/wp-json\/wp\/v2\/product\/7708","targetHints":{"allow":["GET"]}}],"collection":[{"href":"https:\/\/www.serafino.ca\/fr\/wp-json\/wp\/v2\/product"}],"about":[{"href":"https:\/\/www.serafino.ca\/fr\/wp-json\/wp\/v2\/types\/product"}],"wp:featuredmedia":[{"embeddable":true,"href":"https:\/\/www.serafino.ca\/fr\/wp-json\/wp\/v2\/media\/7691"}],"wp:attachment":[{"href":"https:\/\/www.serafino.ca\/fr\/wp-json\/wp\/v2\/media?parent=7708"}],"wp:term":[{"taxonomy":"product_brand","embeddable":true,"href":"https:\/\/www.serafino.ca\/fr\/wp-json\/wp\/v2\/product_brand?post=7708"},{"taxonomy":"product_cat","embeddable":true,"href":"https:\/\/www.serafino.ca\/fr\/wp-json\/wp\/v2\/product_cat?post=7708"},{"taxonomy":"product_tag","embeddable":true,"href":"https:\/\/www.serafino.ca\/fr\/wp-json\/wp\/v2\/product_tag?post=7708"}],"curies":[{"name":"wp","href":"https:\/\/api.w.org\/{rel}","templated":true}]}}