{"id":7667,"date":"2023-06-15T09:45:09","date_gmt":"2023-06-15T13:45:09","guid":{"rendered":"https:\/\/www.serafino.ca\/product\/boucles-doreilles-sertis-de-onyx-et-de-topazes\/"},"modified":"2023-06-15T09:45:09","modified_gmt":"2023-06-15T13:45:09","slug":"boucles-doreilles-sertis-de-onyx-et-de-topazes","status":"publish","type":"product","link":"https:\/\/www.serafino.ca\/fr\/produit\/boucles-doreilles-sertis-de-onyx-et-de-topazes\/","title":{"rendered":"Boucles d\u2019oreilles sertis de onyx et de topazes"},"content":{"rendered":"","protected":false},"excerpt":{"rendered":"<p>Nous cr\u00e9ons ces boucles en or blanc 14 ct sertis de topazes et onyx. Des topazes translucides taill\u00e9es en forme de gouttes facett\u00e9es jumel\u00e9es aux plaques de onyx cr\u00e9ent un impact saisissant.<\/p>\n","protected":false},"featured_media":7666,"template":"","meta":{"_acf_changed":false,"_et_pb_use_builder":"","_et_pb_old_content":"","_et_gb_content_width":""},"product_brand":[],"product_cat":[384,365,377],"product_tag":[],"class_list":{"0":"post-7667","1":"product","2":"type-product","3":"status-publish","4":"has-post-thumbnail","6":"product_cat-audacieux","7":"product_cat-boucles-doreilles","8":"product_cat-joya-fr","10":"first","11":"instock","12":"taxable","13":"shipping-taxable","14":"purchasable","15":"product-type-simple"},"acf":[],"_links":{"self":[{"href":"https:\/\/www.serafino.ca\/fr\/wp-json\/wp\/v2\/product\/7667","targetHints":{"allow":["GET"]}}],"collection":[{"href":"https:\/\/www.serafino.ca\/fr\/wp-json\/wp\/v2\/product"}],"about":[{"href":"https:\/\/www.serafino.ca\/fr\/wp-json\/wp\/v2\/types\/product"}],"wp:featuredmedia":[{"embeddable":true,"href":"https:\/\/www.serafino.ca\/fr\/wp-json\/wp\/v2\/media\/7666"}],"wp:attachment":[{"href":"https:\/\/www.serafino.ca\/fr\/wp-json\/wp\/v2\/media?parent=7667"}],"wp:term":[{"taxonomy":"product_brand","embeddable":true,"href":"https:\/\/www.serafino.ca\/fr\/wp-json\/wp\/v2\/product_brand?post=7667"},{"taxonomy":"product_cat","embeddable":true,"href":"https:\/\/www.serafino.ca\/fr\/wp-json\/wp\/v2\/product_cat?post=7667"},{"taxonomy":"product_tag","embeddable":true,"href":"https:\/\/www.serafino.ca\/fr\/wp-json\/wp\/v2\/product_tag?post=7667"}],"curies":[{"name":"wp","href":"https:\/\/api.w.org\/{rel}","templated":true}]}}