{"id":7272,"date":"2023-01-13T15:11:45","date_gmt":"2023-01-13T20:11:45","guid":{"rendered":"https:\/\/www.serafino.ca\/product\/le-pendentif-freya-serti-dune-rubellite-et-de-diamants\/"},"modified":"2023-01-13T15:11:45","modified_gmt":"2023-01-13T20:11:45","slug":"le-pendentif-freya-serti-dune-rubellite-et-de-diamants","status":"publish","type":"product","link":"https:\/\/www.serafino.ca\/fr\/produit\/le-pendentif-freya-serti-dune-rubellite-et-de-diamants\/","title":{"rendered":"Le pendentif Freya serti d\u2019une rubellite et de diamants"},"content":{"rendered":"","protected":false},"excerpt":{"rendered":"<p>La collection Freya est un hymne \u00e0 la passion. Elle s&rsquo;inspire de Freya, la d\u00e9esse nordique de l&rsquo;amour, la nuit, la beaut\u00e9, la sensualit\u00e9, la fertilit\u00e9, l&rsquo;\u00e9rotisme, l&rsquo;or et la guerre.<\/p>\n<p>Le pendentif Freya se distingue par son cabochon de rubellite (tourmaline rouge) en forme de larme serti dans de l&rsquo;or jaune 18 ct rehauss\u00e9 de diamants taille brillants \u00e9tincelants. Le pendentif glisse librement sur la cha\u00eene de 45 cm (18\u2019\u2019 ).<\/p>\n","protected":false},"featured_media":7157,"template":"","meta":{"_acf_changed":false,"_et_pb_use_builder":"","_et_pb_old_content":"","_et_gb_content_width":""},"product_brand":[],"product_cat":[385,366,381],"product_tag":[],"class_list":{"0":"post-7272","1":"product","2":"type-product","3":"status-publish","4":"has-post-thumbnail","6":"product_cat-luxe","7":"product_cat-colliers-et-pendentifs","8":"product_cat-serafino-signature-fr","10":"first","11":"instock","12":"taxable","13":"shipping-taxable","14":"purchasable","15":"product-type-simple"},"acf":[],"_links":{"self":[{"href":"https:\/\/www.serafino.ca\/fr\/wp-json\/wp\/v2\/product\/7272","targetHints":{"allow":["GET"]}}],"collection":[{"href":"https:\/\/www.serafino.ca\/fr\/wp-json\/wp\/v2\/product"}],"about":[{"href":"https:\/\/www.serafino.ca\/fr\/wp-json\/wp\/v2\/types\/product"}],"wp:featuredmedia":[{"embeddable":true,"href":"https:\/\/www.serafino.ca\/fr\/wp-json\/wp\/v2\/media\/7157"}],"wp:attachment":[{"href":"https:\/\/www.serafino.ca\/fr\/wp-json\/wp\/v2\/media?parent=7272"}],"wp:term":[{"taxonomy":"product_brand","embeddable":true,"href":"https:\/\/www.serafino.ca\/fr\/wp-json\/wp\/v2\/product_brand?post=7272"},{"taxonomy":"product_cat","embeddable":true,"href":"https:\/\/www.serafino.ca\/fr\/wp-json\/wp\/v2\/product_cat?post=7272"},{"taxonomy":"product_tag","embeddable":true,"href":"https:\/\/www.serafino.ca\/fr\/wp-json\/wp\/v2\/product_tag?post=7272"}],"curies":[{"name":"wp","href":"https:\/\/api.w.org\/{rel}","templated":true}]}}