{"id":6932,"date":"2022-11-22T09:04:43","date_gmt":"2022-11-22T14:04:43","guid":{"rendered":"https:\/\/www.serafino.ca\/product\/bague-ornee-dune-citrine-a-jonc-ouvrage\/"},"modified":"2023-08-25T14:11:16","modified_gmt":"2023-08-25T18:11:16","slug":"bague-ornee-dune-citrine-a-jonc-ouvrage","status":"publish","type":"product","link":"https:\/\/www.serafino.ca\/fr\/produit\/bague-ornee-dune-citrine-a-jonc-ouvrage\/","title":{"rendered":"Bague orn\u00e9e d&rsquo;une citrine, \u00e0 jonc ouvrag\u00e9"},"content":{"rendered":"","protected":false},"excerpt":{"rendered":"<p><span style=\"font-weight: 400;\">Cette bague <\/span><i><span style=\"font-weight: 400;\">Pallino<\/span><\/i><span style=\"font-weight: 400;\"> en argent sterling est sertie d&rsquo;un citrine facett\u00e9e.<\/span><\/p>\n","protected":false},"featured_media":6590,"template":"","meta":{"_acf_changed":false,"_et_pb_use_builder":"","_et_pb_old_content":"","_et_gb_content_width":""},"product_brand":[],"product_cat":[386,30,378],"product_tag":[],"class_list":{"0":"post-6932","1":"product","2":"type-product","3":"status-publish","4":"has-post-thumbnail","6":"product_cat-intemporel","7":"product_cat-bagues","8":"product_cat-pallino-fr","10":"first","11":"instock","12":"taxable","13":"shipping-taxable","14":"purchasable","15":"product-type-variable"},"acf":[],"_links":{"self":[{"href":"https:\/\/www.serafino.ca\/fr\/wp-json\/wp\/v2\/product\/6932","targetHints":{"allow":["GET"]}}],"collection":[{"href":"https:\/\/www.serafino.ca\/fr\/wp-json\/wp\/v2\/product"}],"about":[{"href":"https:\/\/www.serafino.ca\/fr\/wp-json\/wp\/v2\/types\/product"}],"wp:featuredmedia":[{"embeddable":true,"href":"https:\/\/www.serafino.ca\/fr\/wp-json\/wp\/v2\/media\/6590"}],"wp:attachment":[{"href":"https:\/\/www.serafino.ca\/fr\/wp-json\/wp\/v2\/media?parent=6932"}],"wp:term":[{"taxonomy":"product_brand","embeddable":true,"href":"https:\/\/www.serafino.ca\/fr\/wp-json\/wp\/v2\/product_brand?post=6932"},{"taxonomy":"product_cat","embeddable":true,"href":"https:\/\/www.serafino.ca\/fr\/wp-json\/wp\/v2\/product_cat?post=6932"},{"taxonomy":"product_tag","embeddable":true,"href":"https:\/\/www.serafino.ca\/fr\/wp-json\/wp\/v2\/product_tag?post=6932"}],"curies":[{"name":"wp","href":"https:\/\/api.w.org\/{rel}","templated":true}]}}