{"id":6930,"date":"2022-11-22T09:41:48","date_gmt":"2022-11-22T14:41:48","guid":{"rendered":"https:\/\/www.serafino.ca\/product\/grand-pendentif-orne-dun-grenat-de-petite-taille\/"},"modified":"2022-11-22T09:41:48","modified_gmt":"2022-11-22T14:41:48","slug":"grand-pendentif-orne-dun-grenat-de-petite-taille","status":"publish","type":"product","link":"https:\/\/www.serafino.ca\/fr\/produit\/grand-pendentif-orne-dun-grenat-de-petite-taille\/","title":{"rendered":"Grand pendentif orn\u00e9 d&rsquo;un grenat de petite taille"},"content":{"rendered":"","protected":false},"excerpt":{"rendered":"<p><span style=\"font-weight: 400;\">Ce grand pendentif <\/span><i><span style=\"font-weight: 400;\">Pallino<\/span><\/i><span style=\"font-weight: 400;\"> en argent sterling est serti d&rsquo;un grenat facett\u00e9. La galerie sous la monture permet \u00e0 plus de lumi\u00e8re d&rsquo;atteindre la pierre. La cha\u00eene de 45 cm (18 po) peut se r\u00e9gler \u00e0 40,5 cm (16 po).<\/span><\/p>\n","protected":false},"featured_media":6568,"template":"","meta":{"_acf_changed":false,"_et_pb_use_builder":"","_et_pb_old_content":"","_et_gb_content_width":""},"product_brand":[],"product_cat":[386,366,378],"product_tag":[],"class_list":{"0":"post-6930","1":"product","2":"type-product","3":"status-publish","4":"has-post-thumbnail","6":"product_cat-intemporel","7":"product_cat-colliers-et-pendentifs","8":"product_cat-pallino-fr","10":"first","11":"instock","12":"taxable","13":"shipping-taxable","14":"purchasable","15":"product-type-simple"},"acf":[],"_links":{"self":[{"href":"https:\/\/www.serafino.ca\/fr\/wp-json\/wp\/v2\/product\/6930","targetHints":{"allow":["GET"]}}],"collection":[{"href":"https:\/\/www.serafino.ca\/fr\/wp-json\/wp\/v2\/product"}],"about":[{"href":"https:\/\/www.serafino.ca\/fr\/wp-json\/wp\/v2\/types\/product"}],"wp:featuredmedia":[{"embeddable":true,"href":"https:\/\/www.serafino.ca\/fr\/wp-json\/wp\/v2\/media\/6568"}],"wp:attachment":[{"href":"https:\/\/www.serafino.ca\/fr\/wp-json\/wp\/v2\/media?parent=6930"}],"wp:term":[{"taxonomy":"product_brand","embeddable":true,"href":"https:\/\/www.serafino.ca\/fr\/wp-json\/wp\/v2\/product_brand?post=6930"},{"taxonomy":"product_cat","embeddable":true,"href":"https:\/\/www.serafino.ca\/fr\/wp-json\/wp\/v2\/product_cat?post=6930"},{"taxonomy":"product_tag","embeddable":true,"href":"https:\/\/www.serafino.ca\/fr\/wp-json\/wp\/v2\/product_tag?post=6930"}],"curies":[{"name":"wp","href":"https:\/\/api.w.org\/{rel}","templated":true}]}}