{"id":6651,"date":"2022-10-31T16:00:55","date_gmt":"2022-10-31T20:00:55","guid":{"rendered":"https:\/\/www.serafino.ca\/product\/pendentif-ornee-dopale-rose-taille-hexagonal\/"},"modified":"2023-08-25T14:13:10","modified_gmt":"2023-08-25T18:13:10","slug":"pendentif-ornee-dopale-rose-taille-hexagonal","status":"publish","type":"product","link":"https:\/\/www.serafino.ca\/fr\/produit\/pendentif-ornee-dopale-rose-taille-hexagonal\/","title":{"rendered":"Pendentif orn\u00e9e d\u2019opale rose taille hexagonal"},"content":{"rendered":"","protected":false},"excerpt":{"rendered":"<p>Le pendentif Esagono est fabriqu\u00e9 en argent sterling et sertie d&rsquo;opale rose taill\u00e9 sur mesure en forme hexagonale. La cha\u00eene qui mesure 18\u201d est ajustable \u00e0 16&Prime;.<\/p>\n<p><strong>Contribuez \u00e0 freiner le d\u00e9clin des populations d&rsquo;abeilles.<\/strong><\/p>\n<p>La disparition des abeilles est un ph\u00e9nom\u00e8ne mondial et l&rsquo;\u00e9quilibre de la nature\u00a0d\u00e9pend de la croissance de leurs colonies. Chez Serafino, nous souhaitons faire\u00a0notre part. Nous nous engageons donc \u00e0 remettre 10 % du produit des ventes des\u00a0bijoux Esagono \u00e0 l&rsquo;organisme Bee City Canada.<\/p>\n","protected":false},"featured_media":6518,"template":"","meta":{"_acf_changed":false,"_et_pb_use_builder":"","_et_pb_old_content":"","_et_gb_content_width":""},"product_brand":[],"product_cat":[386,366,374],"product_tag":[],"class_list":{"0":"post-6651","1":"product","2":"type-product","3":"status-publish","4":"has-post-thumbnail","6":"product_cat-intemporel","7":"product_cat-colliers-et-pendentifs","8":"product_cat-esagono-fr","10":"first","11":"instock","12":"taxable","13":"shipping-taxable","14":"purchasable","15":"product-type-simple"},"acf":[],"_links":{"self":[{"href":"https:\/\/www.serafino.ca\/fr\/wp-json\/wp\/v2\/product\/6651","targetHints":{"allow":["GET"]}}],"collection":[{"href":"https:\/\/www.serafino.ca\/fr\/wp-json\/wp\/v2\/product"}],"about":[{"href":"https:\/\/www.serafino.ca\/fr\/wp-json\/wp\/v2\/types\/product"}],"wp:featuredmedia":[{"embeddable":true,"href":"https:\/\/www.serafino.ca\/fr\/wp-json\/wp\/v2\/media\/6518"}],"wp:attachment":[{"href":"https:\/\/www.serafino.ca\/fr\/wp-json\/wp\/v2\/media?parent=6651"}],"wp:term":[{"taxonomy":"product_brand","embeddable":true,"href":"https:\/\/www.serafino.ca\/fr\/wp-json\/wp\/v2\/product_brand?post=6651"},{"taxonomy":"product_cat","embeddable":true,"href":"https:\/\/www.serafino.ca\/fr\/wp-json\/wp\/v2\/product_cat?post=6651"},{"taxonomy":"product_tag","embeddable":true,"href":"https:\/\/www.serafino.ca\/fr\/wp-json\/wp\/v2\/product_tag?post=6651"}],"curies":[{"name":"wp","href":"https:\/\/api.w.org\/{rel}","templated":true}]}}