{"id":6635,"date":"2022-10-31T15:29:55","date_gmt":"2022-10-31T19:29:55","guid":{"rendered":"https:\/\/www.serafino.ca\/product\/bague-au-jonc-facette-ornee-dopale-rose-taille-hexagonal\/"},"modified":"2023-08-25T14:14:13","modified_gmt":"2023-08-25T18:14:13","slug":"bague-au-jonc-facette-ornee-dopale-rose-taille-hexagonal","status":"publish","type":"product","link":"https:\/\/www.serafino.ca\/fr\/produit\/bague-au-jonc-facette-ornee-dopale-rose-taille-hexagonal\/","title":{"rendered":"Bague au jonc facett\u00e9 orn\u00e9e d\u2019opale rose taille hexagonal"},"content":{"rendered":"","protected":false},"excerpt":{"rendered":"<p>La bague Esagono est fabriqu\u00e9e en argent sterling et sertie d&rsquo;opale rose taill\u00e9 sur mesure en forme hexagonale.<\/p>\n<p><strong>Contribuez \u00e0 freiner le d\u00e9clin des populations d&rsquo;abeilles.<\/strong><\/p>\n<p>La disparition des abeilles est un ph\u00e9nom\u00e8ne mondial et l&rsquo;\u00e9quilibre de la nature\u00a0d\u00e9pend de la croissance de leurs colonies. Chez Serafino, nous souhaitons faire\u00a0notre part. Nous nous engageons donc \u00e0 remettre 10 % du produit des ventes des\u00a0bijoux Esagono \u00e0 l&rsquo;organisme Bee City Canada.<\/p>\n","protected":false},"featured_media":6532,"template":"","meta":{"_acf_changed":false,"_et_pb_use_builder":"","_et_pb_old_content":"","_et_gb_content_width":""},"product_brand":[],"product_cat":[386,30,374],"product_tag":[],"class_list":{"0":"post-6635","1":"product","2":"type-product","3":"status-publish","4":"has-post-thumbnail","6":"product_cat-intemporel","7":"product_cat-bagues","8":"product_cat-esagono-fr","10":"first","11":"instock","12":"taxable","13":"shipping-taxable","14":"purchasable","15":"product-type-variable"},"acf":[],"_links":{"self":[{"href":"https:\/\/www.serafino.ca\/fr\/wp-json\/wp\/v2\/product\/6635","targetHints":{"allow":["GET"]}}],"collection":[{"href":"https:\/\/www.serafino.ca\/fr\/wp-json\/wp\/v2\/product"}],"about":[{"href":"https:\/\/www.serafino.ca\/fr\/wp-json\/wp\/v2\/types\/product"}],"wp:featuredmedia":[{"embeddable":true,"href":"https:\/\/www.serafino.ca\/fr\/wp-json\/wp\/v2\/media\/6532"}],"wp:attachment":[{"href":"https:\/\/www.serafino.ca\/fr\/wp-json\/wp\/v2\/media?parent=6635"}],"wp:term":[{"taxonomy":"product_brand","embeddable":true,"href":"https:\/\/www.serafino.ca\/fr\/wp-json\/wp\/v2\/product_brand?post=6635"},{"taxonomy":"product_cat","embeddable":true,"href":"https:\/\/www.serafino.ca\/fr\/wp-json\/wp\/v2\/product_cat?post=6635"},{"taxonomy":"product_tag","embeddable":true,"href":"https:\/\/www.serafino.ca\/fr\/wp-json\/wp\/v2\/product_tag?post=6635"}],"curies":[{"name":"wp","href":"https:\/\/api.w.org\/{rel}","templated":true}]}}