{"id":5849,"date":"2022-09-26T14:53:04","date_gmt":"2022-09-26T18:53:04","guid":{"rendered":"https:\/\/www.serafino.ca\/product\/nervo-collier-tour-de-cou-au-citrine\/"},"modified":"2022-10-03T08:09:07","modified_gmt":"2022-10-03T12:09:07","slug":"nervo-collier-tour-de-cou-au-citrine","status":"publish","type":"product","link":"https:\/\/www.serafino.ca\/fr\/produit\/nervo-collier-tour-de-cou-au-citrine\/","title":{"rendered":"Nervo, collier tour de cou au citrine"},"content":{"rendered":"","protected":false},"excerpt":{"rendered":"<p>Ce tour de cou comporte l&rsquo;\u00e9l\u00e9ment Nervo serti d&rsquo;une cirtine, des embouts con\u00e7us sur mesure et un fermoir menotte pivotant en argent sterling mont\u00e9 sur une \u00e9paisse bande de cuir tress\u00e9 noir ou marron.<\/p>\n","protected":false},"featured_media":5556,"template":"","meta":{"_acf_changed":false,"_et_pb_use_builder":"","_et_pb_old_content":"","_et_gb_content_width":""},"product_brand":[],"product_cat":[386,366,375],"product_tag":[],"class_list":{"0":"post-5849","1":"product","2":"type-product","3":"status-publish","4":"has-post-thumbnail","6":"product_cat-intemporel","7":"product_cat-colliers-et-pendentifs","8":"product_cat-fisico-fr","10":"first","11":"instock","12":"taxable","13":"shipping-taxable","14":"purchasable","15":"product-type-variable"},"acf":[],"_links":{"self":[{"href":"https:\/\/www.serafino.ca\/fr\/wp-json\/wp\/v2\/product\/5849","targetHints":{"allow":["GET"]}}],"collection":[{"href":"https:\/\/www.serafino.ca\/fr\/wp-json\/wp\/v2\/product"}],"about":[{"href":"https:\/\/www.serafino.ca\/fr\/wp-json\/wp\/v2\/types\/product"}],"wp:featuredmedia":[{"embeddable":true,"href":"https:\/\/www.serafino.ca\/fr\/wp-json\/wp\/v2\/media\/5556"}],"wp:attachment":[{"href":"https:\/\/www.serafino.ca\/fr\/wp-json\/wp\/v2\/media?parent=5849"}],"wp:term":[{"taxonomy":"product_brand","embeddable":true,"href":"https:\/\/www.serafino.ca\/fr\/wp-json\/wp\/v2\/product_brand?post=5849"},{"taxonomy":"product_cat","embeddable":true,"href":"https:\/\/www.serafino.ca\/fr\/wp-json\/wp\/v2\/product_cat?post=5849"},{"taxonomy":"product_tag","embeddable":true,"href":"https:\/\/www.serafino.ca\/fr\/wp-json\/wp\/v2\/product_tag?post=5849"}],"curies":[{"name":"wp","href":"https:\/\/api.w.org\/{rel}","templated":true}]}}