{"id":5015,"date":"2022-09-21T10:21:17","date_gmt":"2022-09-21T14:21:17","guid":{"rendered":"https:\/\/www.serafino.ca\/product\/estiva-boucles-doreilles-ornees-dambre-vert-and-tourmaline\/"},"modified":"2022-09-21T10:21:17","modified_gmt":"2022-09-21T14:21:17","slug":"estiva-boucles-doreilles-ornees-dambre-vert-and-tourmaline","status":"publish","type":"product","link":"https:\/\/www.serafino.ca\/fr\/produit\/estiva-boucles-doreilles-ornees-dambre-vert-and-tourmaline\/","title":{"rendered":"Estiva, boucles d\u2019oreilles orn\u00e9es d\u2019ambre vert and tourmaline"},"content":{"rendered":"","protected":false},"excerpt":{"rendered":"<p>Les boucles d\u2019oreilles Estiva sont fabriqu\u00e9es en or jaune, or blanc et or rose 18K. De l\u2019ambre vert taille fantaisie pendule des tourmalines roses taille coussin o\u00f9 sont mont\u00e9s des syst\u00e8mes tige et papillon. Des cha\u00eenes en or blanc orn\u00e9es de briolettes d\u2019am\u00e9thyste et p\u00e9ridot et de tourmalines, de saphirs roses et de rubis facett\u00e9es ajoutent de la couleur et de l\u2019\u00e9clat <\/p>\n","protected":false},"featured_media":4971,"template":"","meta":{"_acf_changed":false,"_et_pb_use_builder":"","_et_pb_old_content":"","_et_gb_content_width":""},"product_brand":[],"product_cat":[385,365,381],"product_tag":[],"class_list":{"0":"post-5015","1":"product","2":"type-product","3":"status-publish","4":"has-post-thumbnail","6":"product_cat-luxe","7":"product_cat-boucles-doreilles","8":"product_cat-serafino-signature-fr","10":"first","11":"instock","12":"taxable","13":"shipping-taxable","14":"purchasable","15":"product-type-simple"},"acf":[],"_links":{"self":[{"href":"https:\/\/www.serafino.ca\/fr\/wp-json\/wp\/v2\/product\/5015","targetHints":{"allow":["GET"]}}],"collection":[{"href":"https:\/\/www.serafino.ca\/fr\/wp-json\/wp\/v2\/product"}],"about":[{"href":"https:\/\/www.serafino.ca\/fr\/wp-json\/wp\/v2\/types\/product"}],"wp:featuredmedia":[{"embeddable":true,"href":"https:\/\/www.serafino.ca\/fr\/wp-json\/wp\/v2\/media\/4971"}],"wp:attachment":[{"href":"https:\/\/www.serafino.ca\/fr\/wp-json\/wp\/v2\/media?parent=5015"}],"wp:term":[{"taxonomy":"product_brand","embeddable":true,"href":"https:\/\/www.serafino.ca\/fr\/wp-json\/wp\/v2\/product_brand?post=5015"},{"taxonomy":"product_cat","embeddable":true,"href":"https:\/\/www.serafino.ca\/fr\/wp-json\/wp\/v2\/product_cat?post=5015"},{"taxonomy":"product_tag","embeddable":true,"href":"https:\/\/www.serafino.ca\/fr\/wp-json\/wp\/v2\/product_tag?post=5015"}],"curies":[{"name":"wp","href":"https:\/\/api.w.org\/{rel}","templated":true}]}}