{"id":3933,"date":"2022-08-05T16:11:13","date_gmt":"2022-08-05T20:11:13","guid":{"rendered":"https:\/\/www.serafino.ca\/product\/aqua-marina-collier-en-aigue-marine-naturel\/"},"modified":"2022-08-05T16:11:13","modified_gmt":"2022-08-05T14:11:13","slug":"aqua-marina-collier-en-aigue-marine-naturel","status":"publish","type":"product","link":"https:\/\/www.serafino.ca\/fr\/produit\/aqua-marina-collier-en-aigue-marine-naturel\/","title":{"rendered":"Aqua Marina, collier en aigue-marine naturel"},"content":{"rendered":"","protected":false},"excerpt":{"rendered":"<p>Des billes triangulaires dans des teintes allant du bleu-clair cristalline au vert-oc\u00e9an translucide sont rehauss\u00e9es par de minuscules tubes en or en or jaune 18 carats. La bille en or et le fermoir reproduisent tous deux la forme triangulaire des pierres. Ce collier en aigue-marine naturelle est enfil\u00e9 sur de la soie et nou\u00e9 pour plus de s\u00e9curit\u00e9, il s\u2019adapte parfaitement \u00e0 la forme de votre cou.<\/p>\n","protected":false},"featured_media":2761,"template":"","meta":{"_acf_changed":false,"_et_pb_use_builder":"","_et_pb_old_content":"","_et_gb_content_width":""},"product_brand":[],"product_cat":[385,366,381],"product_tag":[],"class_list":{"0":"post-3933","1":"product","2":"type-product","3":"status-publish","4":"has-post-thumbnail","6":"product_cat-luxe","7":"product_cat-colliers-et-pendentifs","8":"product_cat-serafino-signature-fr","10":"first","11":"instock","12":"taxable","13":"shipping-taxable","14":"purchasable","15":"product-type-simple"},"acf":[],"_links":{"self":[{"href":"https:\/\/www.serafino.ca\/fr\/wp-json\/wp\/v2\/product\/3933","targetHints":{"allow":["GET"]}}],"collection":[{"href":"https:\/\/www.serafino.ca\/fr\/wp-json\/wp\/v2\/product"}],"about":[{"href":"https:\/\/www.serafino.ca\/fr\/wp-json\/wp\/v2\/types\/product"}],"wp:featuredmedia":[{"embeddable":true,"href":"https:\/\/www.serafino.ca\/fr\/wp-json\/wp\/v2\/media\/2761"}],"wp:attachment":[{"href":"https:\/\/www.serafino.ca\/fr\/wp-json\/wp\/v2\/media?parent=3933"}],"wp:term":[{"taxonomy":"product_brand","embeddable":true,"href":"https:\/\/www.serafino.ca\/fr\/wp-json\/wp\/v2\/product_brand?post=3933"},{"taxonomy":"product_cat","embeddable":true,"href":"https:\/\/www.serafino.ca\/fr\/wp-json\/wp\/v2\/product_cat?post=3933"},{"taxonomy":"product_tag","embeddable":true,"href":"https:\/\/www.serafino.ca\/fr\/wp-json\/wp\/v2\/product_tag?post=3933"}],"curies":[{"name":"wp","href":"https:\/\/api.w.org\/{rel}","templated":true}]}}