{"id":3931,"date":"2022-08-05T16:26:17","date_gmt":"2022-08-05T20:26:17","guid":{"rendered":"https:\/\/www.serafino.ca\/product\/pendentif-serti-de-agate-bleue-et-de-rhodolite\/"},"modified":"2022-11-17T14:17:56","modified_gmt":"2022-11-17T19:17:56","slug":"pendentif-serti-de-agate-bleue-et-de-rhodolite","status":"publish","type":"product","link":"https:\/\/www.serafino.ca\/fr\/produit\/pendentif-serti-de-agate-bleue-et-de-rhodolite\/","title":{"rendered":"Pendentif serti d&rsquo;agate bleue et de rhodolite"},"content":{"rendered":"","protected":false},"excerpt":{"rendered":"<p>Nous fabriquons ce pendentif de la collection Joya en or jaune 14 ct sertie d\u2019agate bleue et grenat rhodolite. Le grenat translucide taill\u00e9 en forme de goutte facett\u00e9e, jumel\u00e9 \u00e0 la plaque d\u2019agate opaque cr\u00e9e un impact saisissant.<\/p>\n","protected":false},"featured_media":2755,"template":"","meta":{"_acf_changed":false,"_et_pb_use_builder":"","_et_pb_old_content":"","_et_gb_content_width":""},"product_brand":[],"product_cat":[384,366,377],"product_tag":[],"class_list":{"0":"post-3931","1":"product","2":"type-product","3":"status-publish","4":"has-post-thumbnail","6":"product_cat-audacieux","7":"product_cat-colliers-et-pendentifs","8":"product_cat-joya-fr","10":"first","11":"instock","12":"taxable","13":"shipping-taxable","14":"purchasable","15":"product-type-simple"},"acf":[],"_links":{"self":[{"href":"https:\/\/www.serafino.ca\/fr\/wp-json\/wp\/v2\/product\/3931","targetHints":{"allow":["GET"]}}],"collection":[{"href":"https:\/\/www.serafino.ca\/fr\/wp-json\/wp\/v2\/product"}],"about":[{"href":"https:\/\/www.serafino.ca\/fr\/wp-json\/wp\/v2\/types\/product"}],"wp:featuredmedia":[{"embeddable":true,"href":"https:\/\/www.serafino.ca\/fr\/wp-json\/wp\/v2\/media\/2755"}],"wp:attachment":[{"href":"https:\/\/www.serafino.ca\/fr\/wp-json\/wp\/v2\/media?parent=3931"}],"wp:term":[{"taxonomy":"product_brand","embeddable":true,"href":"https:\/\/www.serafino.ca\/fr\/wp-json\/wp\/v2\/product_brand?post=3931"},{"taxonomy":"product_cat","embeddable":true,"href":"https:\/\/www.serafino.ca\/fr\/wp-json\/wp\/v2\/product_cat?post=3931"},{"taxonomy":"product_tag","embeddable":true,"href":"https:\/\/www.serafino.ca\/fr\/wp-json\/wp\/v2\/product_tag?post=3931"}],"curies":[{"name":"wp","href":"https:\/\/api.w.org\/{rel}","templated":true}]}}