{"id":3926,"date":"2022-08-05T16:50:56","date_gmt":"2022-08-05T20:50:56","guid":{"rendered":"https:\/\/www.serafino.ca\/product\/boucles-doreilles-aux-agates-vertes-et-rhodolites\/"},"modified":"2022-11-17T13:54:16","modified_gmt":"2022-11-17T18:54:16","slug":"boucles-doreilles-aux-agates-vertes-et-rhodolites","status":"publish","type":"product","link":"https:\/\/www.serafino.ca\/fr\/produit\/boucles-doreilles-aux-agates-vertes-et-rhodolites\/","title":{"rendered":"Boucles d\u2019oreilles orn\u00e9es d&rsquo;agates vertes et de rhodolites"},"content":{"rendered":"","protected":false},"excerpt":{"rendered":"<p>Nous fabriquons ces boucles d\u2019oreilles en or jaune 14 ct. Les grenats translucides taill\u00e9es en forme de gouttes facett\u00e9es, jumel\u00e9s aux plaques d\u2019agate opaque, cr\u00e9ent un impact saisissant.<\/p>\n","protected":false},"featured_media":2734,"template":"","meta":{"_acf_changed":false,"_et_pb_use_builder":"","_et_pb_old_content":"","_et_gb_content_width":""},"product_brand":[],"product_cat":[384,365,377],"product_tag":[],"class_list":{"0":"post-3926","1":"product","2":"type-product","3":"status-publish","4":"has-post-thumbnail","6":"product_cat-audacieux","7":"product_cat-boucles-doreilles","8":"product_cat-joya-fr","10":"first","11":"instock","12":"taxable","13":"shipping-taxable","14":"purchasable","15":"product-type-simple"},"acf":[],"_links":{"self":[{"href":"https:\/\/www.serafino.ca\/fr\/wp-json\/wp\/v2\/product\/3926","targetHints":{"allow":["GET"]}}],"collection":[{"href":"https:\/\/www.serafino.ca\/fr\/wp-json\/wp\/v2\/product"}],"about":[{"href":"https:\/\/www.serafino.ca\/fr\/wp-json\/wp\/v2\/types\/product"}],"wp:featuredmedia":[{"embeddable":true,"href":"https:\/\/www.serafino.ca\/fr\/wp-json\/wp\/v2\/media\/2734"}],"wp:attachment":[{"href":"https:\/\/www.serafino.ca\/fr\/wp-json\/wp\/v2\/media?parent=3926"}],"wp:term":[{"taxonomy":"product_brand","embeddable":true,"href":"https:\/\/www.serafino.ca\/fr\/wp-json\/wp\/v2\/product_brand?post=3926"},{"taxonomy":"product_cat","embeddable":true,"href":"https:\/\/www.serafino.ca\/fr\/wp-json\/wp\/v2\/product_cat?post=3926"},{"taxonomy":"product_tag","embeddable":true,"href":"https:\/\/www.serafino.ca\/fr\/wp-json\/wp\/v2\/product_tag?post=3926"}],"curies":[{"name":"wp","href":"https:\/\/api.w.org\/{rel}","templated":true}]}}