{"id":3912,"date":"2022-08-05T17:43:00","date_gmt":"2022-08-05T21:43:00","guid":{"rendered":"https:\/\/www.serafino.ca\/product\/boucles-doreilles-a-crochet\/"},"modified":"2022-08-05T17:43:00","modified_gmt":"2022-08-05T15:43:00","slug":"boucles-doreilles-a-crochet","status":"publish","type":"product","link":"https:\/\/www.serafino.ca\/fr\/produit\/boucles-doreilles-a-crochet\/","title":{"rendered":"Boucles d\u2019oreilles \u00e0 crochet"},"content":{"rendered":"","protected":false},"excerpt":{"rendered":"<p>Boucles d\u2019oreilles \u00e0 crochet en or 18 ct jaune et blanc avec des mini fermoirs de s\u00e9curit\u00e9 en silicone.  Nous vous sugg\u00e9rons fortement de porter les bouchons en silicone pouss\u00e9s tout pr\u00e8s du lobe de l\u2019oreille o\u00f9 ils restent pratiquement invisibles et gardent vos boucles d\u2019oreilles \u00e0 leur place \u2026 m\u00eame si votre d\u00eener romantique devient un peu tumultueux \u2026<\/p>\n","protected":false},"featured_media":2682,"template":"","meta":{"_acf_changed":false,"_et_pb_use_builder":"","_et_pb_old_content":"","_et_gb_content_width":""},"product_brand":[],"product_cat":[384,365,367,373],"product_tag":[],"class_list":{"0":"post-3912","1":"product","2":"type-product","3":"status-publish","4":"has-post-thumbnail","6":"product_cat-audacieux","7":"product_cat-boucles-doreilles","8":"product_cat-mariages","9":"product_cat-delicata-fr","11":"first","12":"instock","13":"taxable","14":"shipping-taxable","15":"purchasable","16":"product-type-simple"},"acf":[],"_links":{"self":[{"href":"https:\/\/www.serafino.ca\/fr\/wp-json\/wp\/v2\/product\/3912","targetHints":{"allow":["GET"]}}],"collection":[{"href":"https:\/\/www.serafino.ca\/fr\/wp-json\/wp\/v2\/product"}],"about":[{"href":"https:\/\/www.serafino.ca\/fr\/wp-json\/wp\/v2\/types\/product"}],"wp:featuredmedia":[{"embeddable":true,"href":"https:\/\/www.serafino.ca\/fr\/wp-json\/wp\/v2\/media\/2682"}],"wp:attachment":[{"href":"https:\/\/www.serafino.ca\/fr\/wp-json\/wp\/v2\/media?parent=3912"}],"wp:term":[{"taxonomy":"product_brand","embeddable":true,"href":"https:\/\/www.serafino.ca\/fr\/wp-json\/wp\/v2\/product_brand?post=3912"},{"taxonomy":"product_cat","embeddable":true,"href":"https:\/\/www.serafino.ca\/fr\/wp-json\/wp\/v2\/product_cat?post=3912"},{"taxonomy":"product_tag","embeddable":true,"href":"https:\/\/www.serafino.ca\/fr\/wp-json\/wp\/v2\/product_tag?post=3912"}],"curies":[{"name":"wp","href":"https:\/\/api.w.org\/{rel}","templated":true}]}}