{"id":3903,"date":"2022-08-31T16:49:05","date_gmt":"2022-08-31T20:49:05","guid":{"rendered":"https:\/\/www.serafino.ca\/product\/boutons-doreilles-aux-perles-petales-epaisses\/"},"modified":"2023-08-25T14:20:40","modified_gmt":"2023-08-25T18:20:40","slug":"boutons-doreilles-aux-perles-petales-epaisses","status":"publish","type":"product","link":"https:\/\/www.serafino.ca\/fr\/produit\/boutons-doreilles-aux-perles-petales-epaisses\/","title":{"rendered":"Boutons d\u2019oreilles aux perles p\u00e9tales \u00e9paisses"},"content":{"rendered":"","protected":false},"excerpt":{"rendered":"<p>Boutons d\u2019oreilles en or jaune 14 ct et perles p\u00e9tales d\u2019eau douce \u00e9paisses, blanches dor\u00e9es. \u00c0 cause de la nature incontrolable de ces perles, chaque pair de ces boutons d\u2019oreilles est unique.<\/p>\n","protected":false},"featured_media":2793,"template":"","meta":{"_acf_changed":false,"_et_pb_use_builder":"","_et_pb_old_content":"","_et_gb_content_width":""},"product_brand":[],"product_cat":[386,365,367,369],"product_tag":[],"class_list":{"0":"post-3903","1":"product","2":"type-product","3":"status-publish","4":"has-post-thumbnail","6":"product_cat-intemporel","7":"product_cat-boucles-doreilles","8":"product_cat-mariages","9":"product_cat-cascata-fr","11":"first","12":"instock","13":"taxable","14":"shipping-taxable","15":"purchasable","16":"product-type-simple"},"acf":[],"_links":{"self":[{"href":"https:\/\/www.serafino.ca\/fr\/wp-json\/wp\/v2\/product\/3903","targetHints":{"allow":["GET"]}}],"collection":[{"href":"https:\/\/www.serafino.ca\/fr\/wp-json\/wp\/v2\/product"}],"about":[{"href":"https:\/\/www.serafino.ca\/fr\/wp-json\/wp\/v2\/types\/product"}],"wp:featuredmedia":[{"embeddable":true,"href":"https:\/\/www.serafino.ca\/fr\/wp-json\/wp\/v2\/media\/2793"}],"wp:attachment":[{"href":"https:\/\/www.serafino.ca\/fr\/wp-json\/wp\/v2\/media?parent=3903"}],"wp:term":[{"taxonomy":"product_brand","embeddable":true,"href":"https:\/\/www.serafino.ca\/fr\/wp-json\/wp\/v2\/product_brand?post=3903"},{"taxonomy":"product_cat","embeddable":true,"href":"https:\/\/www.serafino.ca\/fr\/wp-json\/wp\/v2\/product_cat?post=3903"},{"taxonomy":"product_tag","embeddable":true,"href":"https:\/\/www.serafino.ca\/fr\/wp-json\/wp\/v2\/product_tag?post=3903"}],"curies":[{"name":"wp","href":"https:\/\/api.w.org\/{rel}","templated":true}]}}