{"id":3895,"date":"2022-09-01T15:48:06","date_gmt":"2022-09-01T19:48:06","guid":{"rendered":"https:\/\/www.serafino.ca\/product\/bague-au-pavee-de-saphirs\/"},"modified":"2022-11-17T15:06:29","modified_gmt":"2022-11-17T20:06:29","slug":"bague-au-pavee-de-saphirs","status":"publish","type":"product","link":"https:\/\/www.serafino.ca\/fr\/produit\/bague-au-pavee-de-saphirs\/","title":{"rendered":"Bague au pav\u00e9 de saphirs"},"content":{"rendered":"","protected":false},"excerpt":{"rendered":"<p>Cette bague au pav\u00e9 de saphirs est fabriqu\u00e9e en or jaune et blanc 18 ct. Les saphirs pr\u00e9sentent un d\u00e9grad\u00e9 allant du jaune au rouge fonc\u00e9.<\/p>\n","protected":false},"featured_media":2892,"template":"","meta":{"_acf_changed":false,"_et_pb_use_builder":"","_et_pb_old_content":"","_et_gb_content_width":""},"product_brand":[],"product_cat":[385,30,372],"product_tag":[],"class_list":{"0":"post-3895","1":"product","2":"type-product","3":"status-publish","4":"has-post-thumbnail","6":"product_cat-luxe","7":"product_cat-bagues","8":"product_cat-corindia-fr","10":"first","11":"instock","12":"taxable","13":"shipping-taxable","14":"purchasable","15":"product-type-variable"},"acf":[],"_links":{"self":[{"href":"https:\/\/www.serafino.ca\/fr\/wp-json\/wp\/v2\/product\/3895","targetHints":{"allow":["GET"]}}],"collection":[{"href":"https:\/\/www.serafino.ca\/fr\/wp-json\/wp\/v2\/product"}],"about":[{"href":"https:\/\/www.serafino.ca\/fr\/wp-json\/wp\/v2\/types\/product"}],"wp:featuredmedia":[{"embeddable":true,"href":"https:\/\/www.serafino.ca\/fr\/wp-json\/wp\/v2\/media\/2892"}],"wp:attachment":[{"href":"https:\/\/www.serafino.ca\/fr\/wp-json\/wp\/v2\/media?parent=3895"}],"wp:term":[{"taxonomy":"product_brand","embeddable":true,"href":"https:\/\/www.serafino.ca\/fr\/wp-json\/wp\/v2\/product_brand?post=3895"},{"taxonomy":"product_cat","embeddable":true,"href":"https:\/\/www.serafino.ca\/fr\/wp-json\/wp\/v2\/product_cat?post=3895"},{"taxonomy":"product_tag","embeddable":true,"href":"https:\/\/www.serafino.ca\/fr\/wp-json\/wp\/v2\/product_tag?post=3895"}],"curies":[{"name":"wp","href":"https:\/\/api.w.org\/{rel}","templated":true}]}}