{"id":3818,"date":"2022-09-01T22:24:00","date_gmt":"2022-09-02T02:24:00","guid":{"rendered":"https:\/\/www.serafino.ca\/product\/pendentif-serti-de-turquoise-et-de-peridot\/"},"modified":"2023-08-25T14:19:19","modified_gmt":"2023-08-25T18:19:19","slug":"pendentif-serti-de-turquoise-et-de-peridot","status":"publish","type":"product","link":"https:\/\/www.serafino.ca\/fr\/produit\/pendentif-serti-de-turquoise-et-de-peridot\/","title":{"rendered":"Pendentif serti de turquoise et de p\u00e9ridot"},"content":{"rendered":"","protected":false},"excerpt":{"rendered":"<p>Nous fabriquons ce pendentif en or jaune 14 ct turquoise et p\u00e9ridot. Les p\u00e9ridots translucides taill\u00e9es en forme de gouttes facett\u00e9es jumel\u00e9es \u00e0 des plaques de turquoise opaques cr\u00e9ent un impact saisissant.<\/p>\n","protected":false},"featured_media":3014,"template":"","meta":{"_acf_changed":false,"_et_pb_use_builder":"","_et_pb_old_content":"","_et_gb_content_width":""},"product_brand":[],"product_cat":[384,366,377],"product_tag":[],"class_list":{"0":"post-3818","1":"product","2":"type-product","3":"status-publish","4":"has-post-thumbnail","6":"product_cat-audacieux","7":"product_cat-colliers-et-pendentifs","8":"product_cat-joya-fr","10":"first","11":"instock","12":"taxable","13":"shipping-taxable","14":"purchasable","15":"product-type-simple"},"acf":[],"_links":{"self":[{"href":"https:\/\/www.serafino.ca\/fr\/wp-json\/wp\/v2\/product\/3818","targetHints":{"allow":["GET"]}}],"collection":[{"href":"https:\/\/www.serafino.ca\/fr\/wp-json\/wp\/v2\/product"}],"about":[{"href":"https:\/\/www.serafino.ca\/fr\/wp-json\/wp\/v2\/types\/product"}],"wp:featuredmedia":[{"embeddable":true,"href":"https:\/\/www.serafino.ca\/fr\/wp-json\/wp\/v2\/media\/3014"}],"wp:attachment":[{"href":"https:\/\/www.serafino.ca\/fr\/wp-json\/wp\/v2\/media?parent=3818"}],"wp:term":[{"taxonomy":"product_brand","embeddable":true,"href":"https:\/\/www.serafino.ca\/fr\/wp-json\/wp\/v2\/product_brand?post=3818"},{"taxonomy":"product_cat","embeddable":true,"href":"https:\/\/www.serafino.ca\/fr\/wp-json\/wp\/v2\/product_cat?post=3818"},{"taxonomy":"product_tag","embeddable":true,"href":"https:\/\/www.serafino.ca\/fr\/wp-json\/wp\/v2\/product_tag?post=3818"}],"curies":[{"name":"wp","href":"https:\/\/api.w.org\/{rel}","templated":true}]}}