{"id":3756,"date":"2022-09-06T22:16:18","date_gmt":"2022-09-06T20:16:18","guid":{"rendered":"https:\/\/www.serafino.ca\/product\/le-philosophe-bague-au-quartz-rutile\/"},"modified":"2022-09-06T22:16:18","modified_gmt":"2022-09-06T20:16:18","slug":"le-philosophe-bague-au-quartz-rutile","status":"publish","type":"product","link":"https:\/\/www.serafino.ca\/fr\/produit\/le-philosophe-bague-au-quartz-rutile\/","title":{"rendered":"Le Philosophe, bague au quartz rutil\u00e9"},"content":{"rendered":"","protected":false},"excerpt":{"rendered":"<p>Bague en argent sterling oxyd\u00e9 et or jaune 14 ct sertie de quartz rutil\u00e9 taill\u00e9 sur mesure.<\/p>\n<p>Dans certaines cultures, on pense que le quartz rutile est un illuminateur pour l\u2019\u00e2me. Quand Annegret fabriquait cette bague, elle y voyait l\u2019esprit illumin\u00e9 d\u2019un philosophe. Quoi que vous y voyiez, vous n\u2019appr\u00e9cierez vraiment sa subtilit\u00e9 qu\u2019une fois qu\u2019il sera au doigt avec la lumi\u00e8re rebondissant d\u00e9licatement sur les aiguilles de rutile.<\/p>\n","protected":false},"featured_media":3230,"template":"","meta":{"_acf_changed":false,"_et_pb_use_builder":"","_et_pb_old_content":"","_et_gb_content_width":""},"product_brand":[],"product_cat":[385,30,381],"product_tag":[],"class_list":{"0":"post-3756","1":"product","2":"type-product","3":"status-publish","4":"has-post-thumbnail","6":"product_cat-luxe","7":"product_cat-bagues","8":"product_cat-serafino-signature-fr","10":"first","11":"instock","12":"taxable","13":"shipping-taxable","14":"purchasable","15":"product-type-variable"},"acf":[],"_links":{"self":[{"href":"https:\/\/www.serafino.ca\/fr\/wp-json\/wp\/v2\/product\/3756","targetHints":{"allow":["GET"]}}],"collection":[{"href":"https:\/\/www.serafino.ca\/fr\/wp-json\/wp\/v2\/product"}],"about":[{"href":"https:\/\/www.serafino.ca\/fr\/wp-json\/wp\/v2\/types\/product"}],"wp:featuredmedia":[{"embeddable":true,"href":"https:\/\/www.serafino.ca\/fr\/wp-json\/wp\/v2\/media\/3230"}],"wp:attachment":[{"href":"https:\/\/www.serafino.ca\/fr\/wp-json\/wp\/v2\/media?parent=3756"}],"wp:term":[{"taxonomy":"product_brand","embeddable":true,"href":"https:\/\/www.serafino.ca\/fr\/wp-json\/wp\/v2\/product_brand?post=3756"},{"taxonomy":"product_cat","embeddable":true,"href":"https:\/\/www.serafino.ca\/fr\/wp-json\/wp\/v2\/product_cat?post=3756"},{"taxonomy":"product_tag","embeddable":true,"href":"https:\/\/www.serafino.ca\/fr\/wp-json\/wp\/v2\/product_tag?post=3756"}],"curies":[{"name":"wp","href":"https:\/\/api.w.org\/{rel}","templated":true}]}}