{"id":3750,"date":"2022-09-06T22:28:23","date_gmt":"2022-09-07T02:28:23","guid":{"rendered":"https:\/\/www.serafino.ca\/product\/bague-au-quartz-fume\/"},"modified":"2022-09-06T22:28:23","modified_gmt":"2022-09-06T20:28:23","slug":"bague-au-quartz-fume","status":"publish","type":"product","link":"https:\/\/www.serafino.ca\/fr\/produit\/bague-au-quartz-fume\/","title":{"rendered":"Bague au quartz fum\u00e9"},"content":{"rendered":"","protected":false},"excerpt":{"rendered":"<p>Cette bague au quartz fum\u00e9 est faite enti\u00e8rement \u00e0 la main en or jaune 18 ct et sertie d\u2019un quartz fum\u00e9 taille bufftop et de citrines facett\u00e9s.<\/p>\n","protected":false},"featured_media":3246,"template":"","meta":{"_acf_changed":false,"_et_pb_use_builder":"","_et_pb_old_content":"","_et_gb_content_width":""},"product_brand":[],"product_cat":[385,30,381],"product_tag":[],"class_list":{"0":"post-3750","1":"product","2":"type-product","3":"status-publish","4":"has-post-thumbnail","6":"product_cat-luxe","7":"product_cat-bagues","8":"product_cat-serafino-signature-fr","10":"first","11":"instock","12":"taxable","13":"shipping-taxable","14":"purchasable","15":"product-type-variable"},"acf":[],"_links":{"self":[{"href":"https:\/\/www.serafino.ca\/fr\/wp-json\/wp\/v2\/product\/3750","targetHints":{"allow":["GET"]}}],"collection":[{"href":"https:\/\/www.serafino.ca\/fr\/wp-json\/wp\/v2\/product"}],"about":[{"href":"https:\/\/www.serafino.ca\/fr\/wp-json\/wp\/v2\/types\/product"}],"wp:featuredmedia":[{"embeddable":true,"href":"https:\/\/www.serafino.ca\/fr\/wp-json\/wp\/v2\/media\/3246"}],"wp:attachment":[{"href":"https:\/\/www.serafino.ca\/fr\/wp-json\/wp\/v2\/media?parent=3750"}],"wp:term":[{"taxonomy":"product_brand","embeddable":true,"href":"https:\/\/www.serafino.ca\/fr\/wp-json\/wp\/v2\/product_brand?post=3750"},{"taxonomy":"product_cat","embeddable":true,"href":"https:\/\/www.serafino.ca\/fr\/wp-json\/wp\/v2\/product_cat?post=3750"},{"taxonomy":"product_tag","embeddable":true,"href":"https:\/\/www.serafino.ca\/fr\/wp-json\/wp\/v2\/product_tag?post=3750"}],"curies":[{"name":"wp","href":"https:\/\/api.w.org\/{rel}","templated":true}]}}