{"id":3748,"date":"2022-09-06T22:32:08","date_gmt":"2022-09-07T02:32:08","guid":{"rendered":"https:\/\/www.serafino.ca\/product\/tholos-ardent-bague-a-spessartite\/"},"modified":"2023-01-12T12:52:56","modified_gmt":"2023-01-12T17:52:56","slug":"tholos-ardent-bague-a-spessartite","status":"publish","type":"product","link":"https:\/\/www.serafino.ca\/fr\/produit\/tholos-ardent-bague-a-spessartite\/","title":{"rendered":"Tholos Ardent, bague sertie de spessartite"},"content":{"rendered":"","protected":false},"excerpt":{"rendered":"<p><strong>Myst\u00e8re, mythes et braises<\/strong><br \/>\nInspir\u00e9 du temple circulaire de Tholos dans le sanctuaire d\u2019Ath\u00e9na Pronaia construit vers 380 avant JC. Le sanctuaire a \u00e9t\u00e9 construit \u00e0 l\u2019entr\u00e9e de l\u2019ancienne Delphes, o\u00f9 se trouvait la Pythie, l\u2019oracle le plus important de la Gr\u00e8ce antique.<\/p>\n<p>Bague faite enti\u00e8rement \u00e0 la main en or rose 18 ct sertie d\u2019un grenat spessartite fouguex de 3,5 carats et de perles d\u2019eau douce.<\/p>\n","protected":false},"featured_media":3252,"template":"","meta":{"_acf_changed":false,"_et_pb_use_builder":"","_et_pb_old_content":"","_et_gb_content_width":""},"product_brand":[],"product_cat":[385,30,381],"product_tag":[],"class_list":{"0":"post-3748","1":"product","2":"type-product","3":"status-publish","4":"has-post-thumbnail","6":"product_cat-luxe","7":"product_cat-bagues","8":"product_cat-serafino-signature-fr","10":"first","11":"instock","12":"taxable","13":"shipping-taxable","14":"purchasable","15":"product-type-variable"},"acf":[],"_links":{"self":[{"href":"https:\/\/www.serafino.ca\/fr\/wp-json\/wp\/v2\/product\/3748","targetHints":{"allow":["GET"]}}],"collection":[{"href":"https:\/\/www.serafino.ca\/fr\/wp-json\/wp\/v2\/product"}],"about":[{"href":"https:\/\/www.serafino.ca\/fr\/wp-json\/wp\/v2\/types\/product"}],"wp:featuredmedia":[{"embeddable":true,"href":"https:\/\/www.serafino.ca\/fr\/wp-json\/wp\/v2\/media\/3252"}],"wp:attachment":[{"href":"https:\/\/www.serafino.ca\/fr\/wp-json\/wp\/v2\/media?parent=3748"}],"wp:term":[{"taxonomy":"product_brand","embeddable":true,"href":"https:\/\/www.serafino.ca\/fr\/wp-json\/wp\/v2\/product_brand?post=3748"},{"taxonomy":"product_cat","embeddable":true,"href":"https:\/\/www.serafino.ca\/fr\/wp-json\/wp\/v2\/product_cat?post=3748"},{"taxonomy":"product_tag","embeddable":true,"href":"https:\/\/www.serafino.ca\/fr\/wp-json\/wp\/v2\/product_tag?post=3748"}],"curies":[{"name":"wp","href":"https:\/\/api.w.org\/{rel}","templated":true}]}}